{"id":9918,"date":"2026-04-28T22:34:29","date_gmt":"2026-04-28T22:34:29","guid":{"rendered":"https:\/\/nextcloudteam.site\/?post_type=product&#038;p=9918"},"modified":"2026-04-30T10:20:01","modified_gmt":"2026-04-30T10:20:01","slug":"microsoft-office-home-business-2016-para-mac-licencia-vitalicia","status":"publish","type":"product","link":"https:\/\/nextcloudteam.site\/es\/product\/microsoft-office-home-business-2016-per-mac-licenza-a-vita\/","title":{"rendered":"Microsoft Office Hogar y Empresa 2016 para Mac - Licencia de por vida"},"content":{"rendered":"<h2>Microsoft Office Hogar y Empresa 2016 para Mac - Licencia de por vida<\/h2>\n<p>Con Microsoft Office 2016 Hogar y Empresa obtendr\u00e1 las herramientas esenciales de Microsoft para mantener su empresa organizada y productiva. En este paquete para empresas encontrar\u00e1s Word, Excel, PowerPoint, OneNote y Outlook de Microsoft. Todas las aplicaciones se actualizan con regularidad, por lo que siempre estar\u00e1s al d\u00eda de las \u00faltimas funciones.<\/p>\n<p><strong>Este paquete es s\u00f3lo para Mac.<\/strong><\/p>\n<p class=\"m_-3049035662921990993gmail-p1\"><img decoding=\"async\" class=\"aligncenter\" src=\"https:\/\/i0.wp.com\/cdn.shopify.com\/s\/files\/1\/0005\/3457\/7213\/files\/1_630bc3af-6525-4da1-8d5f-d3bf76e4cf8a_medium.png?w=1170&amp;ssl=1\" alt=\"\" width=\"240\" height=\"135\" \/><\/p>\n<p class=\"m_-3049035662921990993gmail-p1\">Lleva tu escritura al siguiente nivel con Microsoft Word. Microsoft Word, un procesador de textos, es una herramienta perfecta para blogueros, escritores, estudiantes o periodistas que trabajan en documentos profesionales. Utiliza plantillas personalizadas y funciones adicionales para llevar tu escritura un paso m\u00e1s all\u00e1.<\/p>\n<p><img decoding=\"async\" class=\"aligncenter\" src=\"https:\/\/i0.wp.com\/cdn.shopify.com\/s\/files\/1\/0005\/3457\/7213\/files\/2_3691b138-a80b-470b-86cc-d197995880b1_medium.png?w=1170&amp;ssl=1\" alt=\"\" width=\"240\" height=\"135\" \/><\/p>\n<p class=\"m_-3049035662921990993gmail-p1\">Microsoft Excel es un programa de hojas de c\u00e1lculo. Crea hojas de c\u00e1lculo profesionales para informes financieros utilizando plantillas personalizadas o crea las tuyas propias utilizando f\u00f3rmulas y c\u00e1lculos modernos.<\/p>\n<p class=\"m_-3049035662921990993gmail-p1\"><img decoding=\"async\" class=\"aligncenter\" src=\"https:\/\/i0.wp.com\/cdn.shopify.com\/s\/files\/1\/0005\/3457\/7213\/files\/3_21d814f1-8c09-40fd-979d-144200cee9ab_medium.png?w=1170&amp;ssl=1\" alt=\"\" width=\"240\" height=\"135\" \/><\/p>\n<p class=\"m_-3049035662921990993gmail-p1\">Cree presentaciones precisas con Microsoft PowerPoint para destacar entre los dem\u00e1s. Utilice animaciones y plantillas predefinidas para mejorar sus presentaciones. Perfecto para estudiantes y empresarios.<\/p>\n<p class=\"m_-3049035662921990993gmail-p1\"><span class=\"m_-1978683647823504631gmail-Apple-converted-space\"><img loading=\"lazy\" decoding=\"async\" class=\"aligncenter\" src=\"https:\/\/i0.wp.com\/cdn.shopify.com\/s\/files\/1\/0005\/3457\/7213\/files\/5_medium.png?w=1170&amp;ssl=1\" alt=\"\" width=\"240\" height=\"135\" \/><\/span><\/p>\n<p class=\"m_-3049035662921990993gmail-p1\">Outlook es el servicio de correo electr\u00f3nico f\u00e1cil de usar de Microsoft. La aplicaci\u00f3n de escritorio ofrece funciones m\u00e1s avanzadas que el servicio Outlook en l\u00ednea. La herramienta perfecta para todas sus necesidades de correo electr\u00f3nico.<\/p>\n<p class=\"m_-3049035662921990993gmail-p1\"><img loading=\"lazy\" decoding=\"async\" class=\"aligncenter\" src=\"https:\/\/i0.wp.com\/cdn.shopify.com\/s\/files\/1\/0005\/3457\/7213\/files\/6_4130c250-2ade-49ea-a072-fc0a9e70ef0f_medium.png?w=1170&amp;ssl=1\" alt=\"\" width=\"240\" height=\"135\" \/><\/p>\n<p class=\"m_-3049035662921990993gmail-p1\">Outlook es el servicio de correo electr\u00f3nico f\u00e1cil de usar de Microsoft. La aplicaci\u00f3n de escritorio ofrece m\u00e1s funciones que el servicio Outlook en l\u00ednea. La herramienta perfecta para todas sus necesidades de correo electr\u00f3nico.<\/p>\n<p>\u00a0<\/p>","protected":false},"excerpt":{"rendered":"<p>Microsoft Office Home &amp; Business 2016 per Mac &#8211; Licenza a vita Con Microsoft Office 2016 Home and Business avrai<\/p>","protected":false},"featured_media":16844,"comment_status":"closed","ping_status":"open","template":"","meta":{"_acf_changed":false,"iawp_total_views":26},"pwb-brand":[100],"product_brand":[],"product_cat":[99],"product_tag":[],"class_list":{"0":"post-9918","1":"product","2":"type-product","3":"status-publish","4":"has-post-thumbnail","6":"pwb-brand-microsoft","7":"product_cat-microsoft-office","9":"first","10":"instock","11":"purchasable","12":"product-type-simple"},"acf":[],"brands":[{"id":100,"name":"Microsoft","slug":"microsoft"}],"_links":{"self":[{"href":"https:\/\/nextcloudteam.site\/es\/wp-json\/wp\/v2\/product\/9918","targetHints":{"allow":["GET"]}}],"collection":[{"href":"https:\/\/nextcloudteam.site\/es\/wp-json\/wp\/v2\/product"}],"about":[{"href":"https:\/\/nextcloudteam.site\/es\/wp-json\/wp\/v2\/types\/product"}],"replies":[{"embeddable":true,"href":"https:\/\/nextcloudteam.site\/es\/wp-json\/wp\/v2\/comments?post=9918"}],"version-history":[{"count":1,"href":"https:\/\/nextcloudteam.site\/es\/wp-json\/wp\/v2\/product\/9918\/revisions"}],"predecessor-version":[{"id":17842,"href":"https:\/\/nextcloudteam.site\/es\/wp-json\/wp\/v2\/product\/9918\/revisions\/17842"}],"wp:featuredmedia":[{"embeddable":true,"href":"https:\/\/nextcloudteam.site\/es\/wp-json\/wp\/v2\/media\/16844"}],"wp:attachment":[{"href":"https:\/\/nextcloudteam.site\/es\/wp-json\/wp\/v2\/media?parent=9918"}],"wp:term":[{"taxonomy":"pwb-brand","embeddable":true,"href":"https:\/\/nextcloudteam.site\/es\/wp-json\/wp\/v2\/pwb-brand?post=9918"},{"taxonomy":"product_brand","embeddable":true,"href":"https:\/\/nextcloudteam.site\/es\/wp-json\/wp\/v2\/product_brand?post=9918"},{"taxonomy":"product_cat","embeddable":true,"href":"https:\/\/nextcloudteam.site\/es\/wp-json\/wp\/v2\/product_cat?post=9918"},{"taxonomy":"product_tag","embeddable":true,"href":"https:\/\/nextcloudteam.site\/es\/wp-json\/wp\/v2\/product_tag?post=9918"}],"curies":[{"name":"wp","href":"https:\/\/api.w.org\/{rel}","templated":true}]}}