{"id":38,"date":"2026-04-28T22:33:36","date_gmt":"2026-04-28T22:33:36","guid":{"rendered":"https:\/\/nextcloudteam.site\/?post_type=product&#038;p=38"},"modified":"2026-04-30T10:20:02","modified_gmt":"2026-04-30T10:20:02","slug":"windows-server-2022-datacenter-licenza-a-vita","status":"publish","type":"product","link":"https:\/\/nextcloudteam.site\/en\/product\/windows-server-2022-datacenter-licenza-a-vita\/","title":{"rendered":"WINDOWS SERVER 2022 DATACENTER - Lifetime License"},"content":{"rendered":"<blockquote>\n<h2><span style=\"vertical-align: inherit;\">Caratteristiche del data center di Windows Server 2022:<\/span><\/h2>\n<\/blockquote>\n<p><span style=\"vertical-align: inherit;\">Con un numero crescente di minacce alla sicurezza informatica e l\u2019impatto degli incidenti in rapido aumento, la sicurezza \u00e8 una priorit\u00e0 assoluta per i nostri clienti. Windows Server 2022 include nuove funzionalit\u00e0 di sicurezza come i server Secure-Core e la connettivit\u00e0 protetta.<\/span><\/p>\n<h3><span style=\"vertical-align: inherit;\">Server Secure-Core<\/span><\/h3>\n<p><span style=\"vertical-align: inherit;\">Powerful threat protection combined to provide multilevel security on hardware, firmware, and operating system. It uses Trusted Platform Module 2.0 and System Guard to securely boot Windows Server and minimize risks from firmware vulnerabilities. Secured-core server also includes virtualization-based security (VBS) features such as Credential Guard and hypervisor protected code integrity (HVCI).<\/span><\/p>\n<h3><span style=\"vertical-align: inherit;\">Credential Guard<\/span><\/h3>\n<p><span style=\"vertical-align: inherit;\">Preventive defense for sensitive resources such as credentials and HVCI applies hardware-based security to prevent advanced malware from tampering with the system. Secure connectivity adds an additional layer of security during transport for advanced protection. Windows Server 2022 enhances connection security with the faster and more secure encrypted Transport Layer Security (HTTPS) 1.3 protocol and Transport Layer Security (TLS) 1.3 enabled by default. Customers can also further protect server communications with industry-standard AES-256 encryption, which now supports the SMB (Server Message Block) protocol and improved controls.<\/span><\/p>\n<h3><span style=\"vertical-align: inherit;\">Hybrid capabilities with Azure<\/span><\/h3>\n<p><span style=\"vertical-align: inherit;\">We are introducing new features that enable customers to leverage cloud innovation with their on-premise investments. Azure Arc and the Storage Migration service are two key hybrid capabilities that work best with Windows Server 2022.<\/span><\/p>\n<p><b><span style=\"vertical-align: inherit;\">Azure Arc <\/span><\/b><span style=\"vertical-align: inherit;\"> consente ai clienti di gestire, proteggere e governare Windows Server in locale, all&#x27;edge o in ambienti multi-cloud da un unico pannello di controllo in Azure. Attraverso Azure Arc, i clienti possono utilizzare facilmente funzionalit\u00e0 di gestione di Azure come Criteri di Azure, Monitoraggio di Azure e Azure Defender per tali server. Inoltre, con pochi semplici clic in Windows Admin Center \u00e8 possibile abilitare la connettivit\u00e0 ad Azure Arc. Abbiamo inoltre potenziato Windows Admin Center v2103 con una gestione delle macchine virtuali notevolmente migliorata, un visualizzatore di eventi pi\u00f9 semplice e molti altri aggiornamenti. Windows Admin Center \u00e8 disponibile anche nel portale di Azure.<\/span><\/p>\n<h4><span style=\"vertical-align: inherit;\">Windows Server 2022 Data Center<\/span><\/h4>\n<p><span style=\"vertical-align: inherit;\">improves the seamless connectivity of local file servers to file servers in Azure. Upgrades to the storage migration service allow customers to migrate file servers from certain network access storage (NAS) systems and Windows file servers to Windows servers on Azure. Using the storage migration service to migrate data to servers allows customers to maintain low latency while reducing the local storage footprint.<\/span><\/p>\n<h3><span style=\"vertical-align: inherit;\">Flexible application platform<\/span><\/h3>\n<p><span style=\"vertical-align: inherit;\">Customers use Windows Server to run large-scale, distributed applications. As a result, we have focused relentlessly on offering platform features and tools that improve developer speed and support for business-critical workloads such as SQL Server. In this release we are adding several platform enhancements for Windows containers, including application compatibility and the Windows container experience with Kubernetes. One major improvement includes reducing the size of the Windows container image, which results in faster download times and better performance. In addition, you can now run applications that depend on Azure Active Directory with group managed services accounts (gMSAs) without the domain joining the container host. In addition, there are several other enhancements that simplify the Windows container experience with Kubernetes. These enhancements include container host process support for node configuration, IPv6, and consistent network policy implementation with Calico. <\/span><br \/>\n<span style=\"vertical-align: inherit;\">In addition to platform enhancements, there is an updated Windows Admin Center tool that simplifies the containerization of .NET applications. Once the application is in a container, it can be hosted in the Azure Container Registry for later deployment to other Azure services, including the Azure Kubernetes service. <\/span><br \/>\n<span style=\"vertical-align: inherit;\">Windows Server 2022 supports business-critical and large-scale applications such as SQL Server that require 48 TB of memory and 2,048 logical cores running on 64 physical sockets.<\/span><\/p>\n<h4><span style=\"vertical-align: inherit;\">-Acquistando Windows Server 2022 Datacenter riceverai una licenza Microsoft originale al 100% attivabile direttamente sul sito ufficiale Microsoft. I nostri metodi di pagamento sicuri ti offrono una garanzia totale e riceverai il tuo software via e-mail dopo pochi minuti.<\/span><\/h4>","protected":false},"excerpt":{"rendered":"<p>Caratteristiche del data center di Windows Server 2022: Con un numero crescente di minacce alla sicurezza informatica e l\u2019impatto degli<\/p>","protected":false},"featured_media":16812,"comment_status":"closed","ping_status":"open","template":"","meta":{"_acf_changed":false,"iawp_total_views":2},"pwb-brand":[100],"product_brand":[],"product_cat":[102],"product_tag":[],"class_list":{"0":"post-38","1":"product","2":"type-product","3":"status-publish","4":"has-post-thumbnail","6":"pwb-brand-microsoft","7":"product_cat-windows-servers","9":"first","10":"instock","11":"purchasable","12":"product-type-simple"},"acf":[],"brands":[{"id":100,"name":"Microsoft","slug":"microsoft"}],"_links":{"self":[{"href":"https:\/\/nextcloudteam.site\/en\/wp-json\/wp\/v2\/product\/38","targetHints":{"allow":["GET"]}}],"collection":[{"href":"https:\/\/nextcloudteam.site\/en\/wp-json\/wp\/v2\/product"}],"about":[{"href":"https:\/\/nextcloudteam.site\/en\/wp-json\/wp\/v2\/types\/product"}],"replies":[{"embeddable":true,"href":"https:\/\/nextcloudteam.site\/en\/wp-json\/wp\/v2\/comments?post=38"}],"version-history":[{"count":1,"href":"https:\/\/nextcloudteam.site\/en\/wp-json\/wp\/v2\/product\/38\/revisions"}],"predecessor-version":[{"id":17826,"href":"https:\/\/nextcloudteam.site\/en\/wp-json\/wp\/v2\/product\/38\/revisions\/17826"}],"wp:featuredmedia":[{"embeddable":true,"href":"https:\/\/nextcloudteam.site\/en\/wp-json\/wp\/v2\/media\/16812"}],"wp:attachment":[{"href":"https:\/\/nextcloudteam.site\/en\/wp-json\/wp\/v2\/media?parent=38"}],"wp:term":[{"taxonomy":"pwb-brand","embeddable":true,"href":"https:\/\/nextcloudteam.site\/en\/wp-json\/wp\/v2\/pwb-brand?post=38"},{"taxonomy":"product_brand","embeddable":true,"href":"https:\/\/nextcloudteam.site\/en\/wp-json\/wp\/v2\/product_brand?post=38"},{"taxonomy":"product_cat","embeddable":true,"href":"https:\/\/nextcloudteam.site\/en\/wp-json\/wp\/v2\/product_cat?post=38"},{"taxonomy":"product_tag","embeddable":true,"href":"https:\/\/nextcloudteam.site\/en\/wp-json\/wp\/v2\/product_tag?post=38"}],"curies":[{"name":"wp","href":"https:\/\/api.w.org\/{rel}","templated":true}]}}