{"id":10627,"date":"2026-04-28T22:34:29","date_gmt":"2026-04-28T22:34:29","guid":{"rendered":"https:\/\/nextcloudteam.site\/?post_type=product&#038;p=10627"},"modified":"2026-04-30T10:20:01","modified_gmt":"2026-04-30T10:20:01","slug":"microsoft-windows-11-pro-n-lebenslange-lizenz","status":"publish","type":"product","link":"https:\/\/nextcloudteam.site\/de\/product\/microsoft-windows-11-pro-n-licenza-a-vita\/","title":{"rendered":"Microsoft Windows 11 Pro N - Lizenz auf Lebenszeit"},"content":{"rendered":"<h2>Windows 11 Professional N<\/h2>\n<p>ist ein sicheres, stabiles und leistungsstarkes Betriebssystem. Es enth\u00e4lt zahlreiche neue Funktionen, mit denen sich die t\u00e4gliche Arbeit professionell organisieren l\u00e4sst. Vor allem anspruchsvolle Anwender und Unternehmen k\u00f6nnen von den neuen Features und ihren umfangreichen M\u00f6glichkeiten stark profitieren.<\/p>\n<p>\u00a0<\/p>\n<p>Dar\u00fcber hinaus sch\u00fctzt Windows 11 Pro N Ihr System und Ihre Daten vor unerw\u00fcnschten Zugriffen, indem es ein hohes Ma\u00df an Sicherheit garantiert. Verschiedene allt\u00e4gliche Bedrohungen wie Cyberangriffe, Viren und W\u00fcrmer haben keine Chance, in das Betriebssystem einzudringen.<\/p>\n<p>Windows 11 Professional N ist der direkte Nachfolger von Windows 10 Pro N und ist ein Produkt aus dem Hause Microsoft. Wenn Sie bereits mit dem Vorg\u00e4nger-Betriebssystem gearbeitet haben, sind Sie mit dessen Professionalit\u00e4t bereits vertraut. Zahlreiche neue Funktionen zur Steigerung der Produktivit\u00e4t wurden in diese Version integriert, darunter die M\u00f6glichkeit, ge\u00f6ffnete Programme und Ordner \u00fcbersichtlich anzuzeigen und zu organisieren.<\/p>\n<p>Dar\u00fcber hinaus spielt in Windows 11 Professional N die Kommunikation eine zentrale Rolle. Dank integrierter Tools wie Microsoft Teams bleiben Sie in st\u00e4ndigem Kontakt mit Ihren Kollegen und Gesch\u00e4ftspartnern, um wichtige Fragen zu besprechen und zu kl\u00e4ren.<\/p>\n<p>Hinweis: Bei diesem Betriebssystem handelt es sich um eine \u201eN\u201c-Edition, d. h. es enth\u00e4lt alle \u00fcblichen Funktionen mit Ausnahme des Multimedia-Pakets. Das bedeutet, dass es nicht m\u00f6glich ist, Multimedia-Programme und -Technologien wie Windows Media Player oder ein Diktierger\u00e4t zu verwenden.<\/p>\n<p>\u00a0<\/p>\n<h3><strong>Merkmale von Windows 11 Pro N<\/strong><\/h3>\n<p>\u00a0<\/p>\n<p>- Passen Sie Programme und Funktionalit\u00e4ten mit wenigen Klicks an Ihre Bed\u00fcrfnisse und Arbeitsabl\u00e4ufe an.<\/p>\n<p>- Wichtige Werkzeuge und Funktionen wurden erweitert und optimiert, um die Produktivit\u00e4t der Gesch\u00e4fts- und Arbeitsprozesse zu erh\u00f6hen.<\/p>\n<p>\u00a0<\/p>\n<p>- Arbeiten Sie mit mehreren Desktops, um immer den \u00dcberblick zu behalten. Der Wechsel von einem Desktop zum anderen erfolgt mit wenigen Klicks oder \u00fcber eine Tastenkombination.<\/p>\n<p>- Die Daten k\u00f6nnen in Windows 11 Professional N auch per Touchscreen, Stift oder Sprachbefehl eingegeben werden.<\/p>\n<p>\u00a0<\/p>\n<p>- Das Design von Windows 11 Pro N wurde verbessert und sieht v\u00f6llig neu und frisch aus. Im Arbeitsalltag haben Sie die M\u00f6glichkeit, mehrere Programme, Ordner und Arbeitsmappen gleichzeitig ge\u00f6ffnet zu lassen und den \u00dcberblick zu behalten.<\/p>\n<p>- Im Gegensatz zu anderen Betriebssystemen, wie z.B. der Home-Version, unterst\u00fctzt Windows 11 Professional N Hardware mit weitaus h\u00f6herer Leistung. Tats\u00e4chlich ist es m\u00f6glich, es mit einem RAM-Speicher von bis zu 2 TB auszuf\u00fchren.<\/p>\n<p>- Machen Sie die Verwaltung und Bereitstellung f\u00fcr den Unternehmenssektor schnell und einfach. Dadurch entf\u00e4llt die Notwendigkeit individueller Einstellungen und Wartungen, was Ihnen Zeit und M\u00fche spart.<\/p>\n<p>\u00a0<\/p>\n<h3><strong>Mindestanforderungen<\/strong><\/h3>\n<p>\u00a0<\/p>\n<p><strong>Prozessor<\/strong> Mindestens 1 GHz oder h\u00f6her - 2 oder mehr Kerne auf einem 64-Bit-Prozessor oder SoC (System on a Chip).<\/p>\n<p><strong>Speicher<\/strong> (RAM) 4 GB<\/p>\n<p>\u00a0<\/p>\n<p><strong>Speicherplatz auf der Festplatte <\/strong>Mindestens 64 GB oder mehr - mehr Speicher wird f\u00fcr mehr Dateisysteme, Updates und mehr empfohlen.<\/p>\n<p><strong>Grafikkarte<\/strong> mit DirectX 12 oder h\u00f6her und WDDM 2.0-Treibern<\/p>","protected":false},"excerpt":{"rendered":"<p>Windows 11 Professional N \u00e8 un sistema operativo sicuro, stabile e ad alte prestazioni. Contiene numerose nuove funzioni con cui<\/p>","protected":false},"featured_media":16865,"comment_status":"closed","ping_status":"open","template":"","meta":{"_acf_changed":false,"iawp_total_views":9},"pwb-brand":[100],"product_brand":[],"product_cat":[101],"product_tag":[],"class_list":{"0":"post-10627","1":"product","2":"type-product","3":"status-publish","4":"has-post-thumbnail","6":"pwb-brand-microsoft","7":"product_cat-operating-system","9":"first","10":"instock","11":"purchasable","12":"product-type-simple"},"acf":[],"brands":[{"id":100,"name":"Microsoft","slug":"microsoft"}],"_links":{"self":[{"href":"https:\/\/nextcloudteam.site\/de\/wp-json\/wp\/v2\/product\/10627","targetHints":{"allow":["GET"]}}],"collection":[{"href":"https:\/\/nextcloudteam.site\/de\/wp-json\/wp\/v2\/product"}],"about":[{"href":"https:\/\/nextcloudteam.site\/de\/wp-json\/wp\/v2\/types\/product"}],"replies":[{"embeddable":true,"href":"https:\/\/nextcloudteam.site\/de\/wp-json\/wp\/v2\/comments?post=10627"}],"version-history":[{"count":1,"href":"https:\/\/nextcloudteam.site\/de\/wp-json\/wp\/v2\/product\/10627\/revisions"}],"predecessor-version":[{"id":17853,"href":"https:\/\/nextcloudteam.site\/de\/wp-json\/wp\/v2\/product\/10627\/revisions\/17853"}],"wp:featuredmedia":[{"embeddable":true,"href":"https:\/\/nextcloudteam.site\/de\/wp-json\/wp\/v2\/media\/16865"}],"wp:attachment":[{"href":"https:\/\/nextcloudteam.site\/de\/wp-json\/wp\/v2\/media?parent=10627"}],"wp:term":[{"taxonomy":"pwb-brand","embeddable":true,"href":"https:\/\/nextcloudteam.site\/de\/wp-json\/wp\/v2\/pwb-brand?post=10627"},{"taxonomy":"product_brand","embeddable":true,"href":"https:\/\/nextcloudteam.site\/de\/wp-json\/wp\/v2\/product_brand?post=10627"},{"taxonomy":"product_cat","embeddable":true,"href":"https:\/\/nextcloudteam.site\/de\/wp-json\/wp\/v2\/product_cat?post=10627"},{"taxonomy":"product_tag","embeddable":true,"href":"https:\/\/nextcloudteam.site\/de\/wp-json\/wp\/v2\/product_tag?post=10627"}],"curies":[{"name":"wp","href":"https:\/\/api.w.org\/{rel}","templated":true}]}}