{"id":23,"date":"2023-07-17T13:19:35","date_gmt":"2023-07-17T13:19:35","guid":{"rendered":"https:\/\/dummy.xtemos.com\/woodmart2\/games-elementor\/?page_id=23"},"modified":"2026-04-29T10:08:24","modified_gmt":"2026-04-29T10:08:24","slug":"servicebedingungen","status":"publish","type":"page","link":"https:\/\/nextcloudteam.site\/de\/terms-of-service\/","title":{"rendered":"Bedingungen f\u00fcr den Dienst"},"content":{"rendered":"<div data-elementor-type=\"wp-page\" data-elementor-id=\"23\" class=\"elementor elementor-23\" data-elementor-post-type=\"page\">\n\t\t\t\t<div class=\"elementor-element elementor-element-982b15b e-flex e-con-boxed wd-section-disabled e-con e-parent\" data-id=\"982b15b\" data-element_type=\"container\" data-e-type=\"container\">\n\t\t\t\t\t<div class=\"e-con-inner\">\n\t\t\t\t<div class=\"elementor-element elementor-element-ec8ab9d elementor-widget elementor-widget-wd_text_block\" data-id=\"ec8ab9d\" data-element_type=\"widget\" data-e-type=\"widget\" data-widget_type=\"wd_text_block.default\">\n\t\t\t\t<div class=\"elementor-widget-container\">\n\t\t\t\t\t\t\t<div class=\"wd-text-block reset-last-child text-left\">\n\t\t\t\n\t\t\t<h1>Bedingungen und Konditionen<\/h1>\n\t\t\t\t\t<\/div>\n\t\t\t\t\t\t<\/div>\n\t\t\t\t<\/div>\n\t\t\t\t\t<\/div>\n\t\t\t\t<\/div>\n\t\t\t\t<section class=\"elementor-section elementor-top-section elementor-element elementor-element-a800e0e elementor-section-boxed elementor-section-height-default elementor-section-height-default wd-section-disabled\" data-id=\"a800e0e\" data-element_type=\"section\" data-e-type=\"section\">\n\t\t\t\t\t\t<div class=\"elementor-container elementor-column-gap-default\">\n\t\t\t\t\t<div class=\"elementor-column elementor-col-100 elementor-top-column elementor-element elementor-element-7e5490d\" data-id=\"7e5490d\" data-element_type=\"column\" data-e-type=\"column\">\n\t\t\t<div class=\"elementor-widget-wrap elementor-element-populated\">\n\t\t\t\t\t\t<div class=\"elementor-element elementor-element-f4f134f elementor-widget elementor-widget-wd_text_block\" data-id=\"f4f134f\" data-element_type=\"widget\" data-e-type=\"widget\" data-widget_type=\"wd_text_block.default\">\n\t\t\t\t<div class=\"elementor-widget-container\">\n\t\t\t\t\t\t\t<div class=\"wd-text-block reset-last-child text-left\">\n\t\t\t\n\t\t\t<hr data-start=\"96\" data-end=\"99\" \/><p data-start=\"101\" data-end=\"475\"><strong data-start=\"101\" data-end=\"475\">Diese Website wird von nextcloudteam betrieben. Auf der gesamten Website beziehen sich die Begriffe \u201cwir\u201d, \u201cuns\u201d und \u201cunser\u201d auf nextcloudteam. nextcloudteam bietet diese Website, einschlie\u00dflich aller Informationen, Tools und Dienstleistungen, die auf dieser Website verf\u00fcgbar sind, f\u00fcr Sie, den Nutzer, unter der Bedingung an, dass Sie alle hier angegebenen Bedingungen, Konditionen, Richtlinien und Hinweise akzeptieren.<\/strong><\/p><p data-start=\"477\" data-end=\"981\">Indem Sie unsere Website besuchen und\/oder etwas bei uns kaufen, nutzen Sie unseren \u201cService\u201d und erkl\u00e4ren sich mit den folgenden Bedingungen (\u201cServicebedingungen\u201d, \u201cBedingungen\u201d) einverstanden, einschlie\u00dflich aller zus\u00e4tzlichen Bedingungen und Richtlinien, auf die hierin verwiesen wird und\/oder die \u00fcber Hyperlinks verf\u00fcgbar sind. Diese Nutzungsbedingungen gelten f\u00fcr alle Nutzer der Website, einschlie\u00dflich, aber nicht beschr\u00e4nkt auf Nutzer, die Browser, Lieferanten, Kunden, H\u00e4ndler und\/oder Autoren von Inhalten sind.<\/p><p data-start=\"983\" data-end=\"1448\">Bitte lesen Sie diese Nutzungsbedingungen sorgf\u00e4ltig durch, bevor Sie auf unsere Website zugreifen oder diese nutzen. Durch den Zugriff auf die Website oder die Nutzung eines Teils der Website erkl\u00e4ren Sie sich mit diesen Nutzungsbedingungen einverstanden. Wenn Sie nicht mit allen Bedingungen dieser Vereinbarung einverstanden sind, d\u00fcrfen Sie nicht auf die Website zugreifen oder irgendwelche Dienste nutzen. Wenn diese Nutzungsbedingungen als ein Angebot betrachtet werden, ist die Annahme ausdr\u00fccklich auf dieses Angebot beschr\u00e4nkt.<\/p><p data-start=\"1450\" data-end=\"2030\">Alle neuen Funktionen oder Tools, die dem aktuellen Shop hinzugef\u00fcgt werden, unterliegen ebenfalls den Allgemeinen Gesch\u00e4ftsbedingungen. Sie k\u00f6nnen die aktuellste Version der Nutzungsbedingungen jederzeit auf dieser Seite einsehen. Wir behalten uns das Recht vor, jeden Teil dieser Nutzungsbedingungen zu aktualisieren, zu \u00e4ndern oder zu ersetzen, indem wir Aktualisierungen und\/oder \u00c4nderungen auf unserer Website ver\u00f6ffentlichen. Es liegt in Ihrer Verantwortung, diese Seite regelm\u00e4\u00dfig auf \u00c4nderungen zu \u00fcberpr\u00fcfen. Wenn Sie die Website nach der Ver\u00f6ffentlichung von \u00c4nderungen weiterhin nutzen, erkl\u00e4ren Sie sich mit diesen \u00c4nderungen einverstanden.<\/p><p data-start=\"2032\" data-end=\"2170\">Unser Shop wird auf Shopify Inc. gehostet, das uns die Online-E-Commerce-Plattform f\u00fcr den Verkauf unserer Produkte und Dienstleistungen zur Verf\u00fcgung stellt.<\/p><hr data-start=\"2172\" data-end=\"2175\" \/><h3 data-section-id=\"1a6bscm\" data-start=\"2177\" data-end=\"2219\">ABSCHNITT 1 - BEDINGUNGEN F\u00dcR DEN ONLINE-SHOP<\/h3><p data-start=\"2221\" data-end=\"2451\">Indem Sie diese Nutzungsbedingungen akzeptieren, versichern Sie, dass Sie in dem Staat oder der Provinz, in dem\/der Sie wohnen, mindestens vollj\u00e4hrig sind oder dass Sie vollj\u00e4hrig sind und Ihre Zustimmung zur Nutzung dieser Website durch Minderj\u00e4hrige gegeben haben.<\/p><p data-start=\"2453\" data-end=\"2587\">Sie d\u00fcrfen unsere Produkte nicht f\u00fcr illegale oder unbefugte Zwecke verwenden oder gegen geltende Gesetze (einschlie\u00dflich Urheberrechtsgesetze) versto\u00dfen.<\/p><p data-start=\"2589\" data-end=\"2644\">Es ist verboten, Viren oder andere sch\u00e4dliche Codes zu \u00fcbertragen.<\/p><p data-start=\"2646\" data-end=\"2719\">Ein Versto\u00df gegen die Bedingungen f\u00fchrt zur sofortigen Beendigung der Dienste.<\/p><hr data-start=\"2721\" data-end=\"2724\" \/><h3 data-section-id=\"1xzlyfn\" data-start=\"2726\" data-end=\"2761\">ABSCHNITT 2 - ALLGEMEINE BEDINGUNGEN<\/h3><p data-start=\"2763\" data-end=\"2869\">Wir behalten uns das Recht vor, jederzeit und ohne Angabe von Gr\u00fcnden den Dienst zu verweigern.<\/p><p data-start=\"2871\" data-end=\"3093\">Verstehen Sie, dass Ihre Inhalte (mit Ausnahme von Kreditkarteninformationen) unverschl\u00fcsselt und an die technischen Anforderungen angepasst \u00fcbertragen werden k\u00f6nnen. Kreditkarteninformationen werden immer verschl\u00fcsselt.<\/p><p data-start=\"3095\" data-end=\"3202\">Es ist nicht gestattet, Teile des Dienstes ohne schriftliche Genehmigung zu kopieren, zu vervielf\u00e4ltigen, zu verkaufen oder zu verwerten.<\/p><hr data-start=\"3204\" data-end=\"3207\" \/><h3 data-section-id=\"1bnibtt\" data-start=\"3209\" data-end=\"3255\">ABSCHNITT 3 - RICHTIGKEIT DER INFORMATIONEN<\/h3><p data-start=\"3257\" data-end=\"3381\">Wir sind nicht verantwortlich, wenn die Informationen auf der Website nicht korrekt oder aktuell sind. Die Nutzung der Informationen erfolgt auf eigene Gefahr.<\/p><hr data-start=\"3383\" data-end=\"3386\" \/><h3 data-section-id=\"uxzie3\" data-start=\"3388\" data-end=\"3433\">ABSCHNITT 4 - \u00c4NDERUNGEN BEI DIENSTLEISTUNGEN UND PREISEN<\/h3><p data-start=\"3435\" data-end=\"3567\">Die Preise k\u00f6nnen sich ohne Vorank\u00fcndigung \u00e4ndern. Wir k\u00f6nnen den Dienst jederzeit ohne Haftung \u00e4ndern oder einstellen.<\/p><hr data-start=\"3569\" data-end=\"3572\" \/><h3 data-section-id=\"lz9f7b\" data-start=\"3574\" data-end=\"3608\">ABSCHNITT 5 - PRODUKTE ODER DIENSTLEISTUNGEN<\/h3><p data-start=\"3610\" data-end=\"3767\">Einige Produkte sind m\u00f6glicherweise nur online und in begrenzten Mengen erh\u00e4ltlich. Wir behalten uns das Recht vor, den Verkauf nach geografischen Gebieten oder Personen zu beschr\u00e4nken.<\/p><p data-start=\"3769\" data-end=\"3827\">Wir \u00fcbernehmen keine Garantie daf\u00fcr, dass die Qualit\u00e4t Ihren Erwartungen entspricht.<\/p><hr data-start=\"3829\" data-end=\"3832\" \/><h3 data-section-id=\"b7z024\" data-start=\"3834\" data-end=\"3878\">ABSCHNITT 6 - INFORMATIONEN ZUR RECHNUNGSSTELLUNG<\/h3><p data-start=\"3880\" data-end=\"3995\">Wir k\u00f6nnen Bestellungen ablehnen oder stornieren. Sie m\u00fcssen genaue und aktuelle Informationen zur Verf\u00fcgung stellen, um K\u00e4ufe abzuschlie\u00dfen.<\/p><hr data-start=\"3997\" data-end=\"4000\" \/><h3 data-section-id=\"ya88bz\" data-start=\"4002\" data-end=\"4037\">ABSCHNITT 7 - FAKULTATIVE INSTRUMENTE<\/h3><p data-start=\"4039\" data-end=\"4125\">Wir k\u00f6nnen Tools von Dritten ohne Haftung zur Verf\u00fcgung stellen. Die Nutzung erfolgt auf eigene Gefahr.<\/p><hr data-start=\"4127\" data-end=\"4130\" \/><h3 data-section-id=\"od21p9\" data-start=\"4132\" data-end=\"4167\">ABSCHNITT 8 - LINKS ZU DRITTEN<\/h3><p data-start=\"4169\" data-end=\"4249\">Wir sind nicht verantwortlich f\u00fcr Inhalte oder Dienste Dritter, die mit der Website verlinkt sind.<\/p><hr data-start=\"4251\" data-end=\"4254\" \/><h3 data-section-id=\"9j5fvh\" data-start=\"4256\" data-end=\"4293\">ABSCHNITT 9 - KOMMENTARE DER NUTZER<\/h3><p data-start=\"4295\" data-end=\"4406\">Wir k\u00f6nnen die eingereichten Kommentare frei verwenden. Wir sind nicht verpflichtet, sie vertraulich zu behandeln oder Sie zu entsch\u00e4digen.<\/p><hr data-start=\"4408\" data-end=\"4411\" \/><h3 data-section-id=\"qe8qo2\" data-start=\"4413\" data-end=\"4444\">ABSCHNITT 10 - PERSONENBEZOGENE DATEN<\/h3><p data-start=\"4446\" data-end=\"4529\">Pers\u00f6nliche Daten werden gem\u00e4\u00df unserer Datenschutzrichtlinie behandelt.<\/p><hr data-start=\"4531\" data-end=\"4534\" \/><h3 data-section-id=\"rgbtuc\" data-start=\"4536\" data-end=\"4571\">ABSCHNITT 11 - FEHLER UND UNTERLASSUNGEN<\/h3><p data-start=\"4573\" data-end=\"4652\">Es kann Fehler oder Ungenauigkeiten geben. Wir k\u00f6nnen sie ohne Vorank\u00fcndigung korrigieren.<\/p><hr data-start=\"4654\" data-end=\"4657\" \/><h3 data-section-id=\"703ayc\" data-start=\"4659\" data-end=\"4687\">ABSCHNITT 12 - VERBOTENE VERWENDUNGEN<\/h3><p data-start=\"4689\" data-end=\"4814\">Es ist verboten, die Website f\u00fcr illegale, sch\u00e4dliche oder betr\u00fcgerische Aktivit\u00e4ten zu nutzen. Zuwiderhandlung f\u00fchrt zur Beendigung des Dienstes.<\/p><hr data-start=\"4816\" data-end=\"4819\" \/><h3 data-section-id=\"8hphmi\" data-start=\"4821\" data-end=\"4860\">ABSCHNITT 13 - AUSSCHLUSS VON GARANTIEN<\/h3><p data-start=\"4862\" data-end=\"4966\">Der Dienst wird ohne Gew\u00e4hr angeboten. Wir sind nicht haftbar f\u00fcr direkte oder indirekte Sch\u00e4den.<\/p><hr data-start=\"4968\" data-end=\"4971\" \/><h3 data-section-id=\"147x1db\" data-start=\"4973\" data-end=\"5000\">ABSCHNITT 14 - ENTSCH\u00c4DIGUNG<\/h3><p data-start=\"5002\" data-end=\"5108\">Sie verpflichten sich, nextcloudteam von allen Anspr\u00fcchen freizustellen, die sich aus Verst\u00f6\u00dfen gegen die Nutzungsbedingungen ergeben.<\/p><hr data-start=\"5110\" data-end=\"5113\" \/><h3 data-section-id=\"1ol5pcw\" data-start=\"5115\" data-end=\"5144\">ABSCHNITT 15 - TRENNBARKEIT<\/h3><p data-start=\"5146\" data-end=\"5194\">Wenn ein Teil ung\u00fcltig ist, bleibt der Rest g\u00fcltig.<\/p><hr data-start=\"5196\" data-end=\"5199\" \/><h3 data-section-id=\"s1n9j8\" data-start=\"5201\" data-end=\"5229\">ABSCHNITT 16 - ENTSCHLIESSUNG<\/h3><p data-start=\"5231\" data-end=\"5281\">Wir k\u00f6nnen den Dienst beenden, wenn Sie gegen die Bedingungen versto\u00dfen.<\/p><hr data-start=\"5283\" data-end=\"5286\" \/><h3 data-section-id=\"3i9wrc\" data-start=\"5288\" data-end=\"5321\">ABSCHNITT 17 - VOLLST\u00c4NDIGE VEREINBARUNG<\/h3><p data-start=\"5323\" data-end=\"5382\">Diese Bedingungen stellen die gesamte Vereinbarung zwischen Ihnen und uns dar.<\/p><hr data-start=\"5384\" data-end=\"5387\" \/><h3 data-section-id=\"j5c497\" data-start=\"5389\" data-end=\"5423\">ABSCHNITT 18 - ANWENDBARES RECHT<\/h3><p data-start=\"5425\" data-end=\"5482\">Die vorliegenden Bedingungen unterliegen dem Recht des Vereinigten K\u00f6nigreichs.<\/p><hr data-start=\"5484\" data-end=\"5487\" \/><h3 data-section-id=\"p61ric\" data-start=\"5489\" data-end=\"5526\">ABSCHNITT 19 - \u00c4NDERUNGEN DER BEDINGUNGEN<\/h3><p data-start=\"5528\" data-end=\"5618\">Wir k\u00f6nnen die Bedingungen jederzeit aktualisieren. Die fortgesetzte Nutzung setzt die Annahme voraus.<\/p><hr data-start=\"5620\" data-end=\"5623\" \/><h3 data-section-id=\"90kkc6\" data-start=\"5625\" data-end=\"5650\">ABSCHNITT 20 - KONTAKTE<\/h3><p data-start=\"5652\" data-end=\"5689\">Bei Fragen: contact@nextcloudteam.site<\/p>\n\t\t\t\t\t<\/div>\n\t\t\t\t\t\t<\/div>\n\t\t\t\t<\/div>\n\t\t\t\t\t<\/div>\n\t\t<\/div>\n\t\t\t\t\t<\/div>\n\t\t<\/section>\n\t\t\t\t<\/div>","protected":false},"excerpt":{"rendered":"<p>Termini e condizioni Questo sito web \u00e8 gestito da nextcloudteam. In tutto il sito, i termini \u201cnoi\u201d, \u201cci\u201d e \u201cnostro\u201d<\/p>","protected":false},"author":1,"featured_media":0,"parent":0,"menu_order":0,"comment_status":"closed","ping_status":"closed","template":"","meta":{"_acf_changed":false,"iawp_total_views":8,"footnotes":""},"class_list":["post-23","page","type-page","status-publish","hentry"],"acf":[],"_links":{"self":[{"href":"https:\/\/nextcloudteam.site\/de\/wp-json\/wp\/v2\/pages\/23","targetHints":{"allow":["GET"]}}],"collection":[{"href":"https:\/\/nextcloudteam.site\/de\/wp-json\/wp\/v2\/pages"}],"about":[{"href":"https:\/\/nextcloudteam.site\/de\/wp-json\/wp\/v2\/types\/page"}],"author":[{"embeddable":true,"href":"https:\/\/nextcloudteam.site\/de\/wp-json\/wp\/v2\/users\/1"}],"replies":[{"embeddable":true,"href":"https:\/\/nextcloudteam.site\/de\/wp-json\/wp\/v2\/comments?post=23"}],"version-history":[{"count":3,"href":"https:\/\/nextcloudteam.site\/de\/wp-json\/wp\/v2\/pages\/23\/revisions"}],"predecessor-version":[{"id":17950,"href":"https:\/\/nextcloudteam.site\/de\/wp-json\/wp\/v2\/pages\/23\/revisions\/17950"}],"wp:attachment":[{"href":"https:\/\/nextcloudteam.site\/de\/wp-json\/wp\/v2\/media?parent=23"}],"curies":[{"name":"wp","href":"https:\/\/api.w.org\/{rel}","templated":true}]}}